{"id":517,"date":"2021-01-13T19:26:14","date_gmt":"2021-01-13T19:26:14","guid":{"rendered":"http:\/\/sidebyside-safaris.com\/?page_id=517"},"modified":"2021-02-08T17:12:12","modified_gmt":"2021-02-08T17:12:12","slug":"imprint","status":"publish","type":"page","link":"http:\/\/sidebyside-safaris.com\/es\/imprint\/","title":{"rendered":"Pie de imprenta"},"content":{"rendered":"<div data-elementor-type=\"wp-post\" data-elementor-id=\"517\" class=\"elementor elementor-517\">\n\t\t\t\t\t\t<section class=\"elementor-section elementor-top-section elementor-element elementor-element-8e491de elementor-section-content-middle elementor-section-boxed elementor-section-height-default elementor-section-height-default\" data-id=\"8e491de\" data-element_type=\"section\" data-settings=\"{&quot;background_background&quot;:&quot;classic&quot;}\">\n\t\t\t\t\t\t\t<div class=\"elementor-background-overlay\"><\/div>\n\t\t\t\t\t\t\t<div class=\"elementor-container elementor-column-gap-no\">\n\t\t\t\t\t<div class=\"elementor-column elementor-col-100 elementor-top-column elementor-element elementor-element-fb027eb\" data-id=\"fb027eb\" data-element_type=\"column\">\n\t\t\t<div class=\"elementor-widget-wrap elementor-element-populated\">\n\t\t\t\t\t\t<div class=\"elementor-element elementor-element-02d282c elementor-widget elementor-widget-heading\" data-id=\"02d282c\" data-element_type=\"widget\" data-widget_type=\"heading.default\">\n\t\t\t\t<div class=\"elementor-widget-container\">\n\t\t\t<h1 class=\"elementor-heading-title elementor-size-default\">Pie de imprenta<\/h1>\t\t<\/div>\n\t\t\t\t<\/div>\n\t\t\t\t\t<\/div>\n\t\t<\/div>\n\t\t\t\t\t<\/div>\n\t\t<\/section>\n\t\t\t\t<section class=\"elementor-section elementor-top-section elementor-element elementor-element-d835caa elementor-section-boxed elementor-section-height-default elementor-section-height-default\" data-id=\"d835caa\" data-element_type=\"section\">\n\t\t\t\t\t\t<div class=\"elementor-container elementor-column-gap-default\">\n\t\t\t\t\t<div class=\"elementor-column elementor-col-100 elementor-top-column elementor-element elementor-element-490344b\" data-id=\"490344b\" data-element_type=\"column\">\n\t\t\t<div class=\"elementor-widget-wrap elementor-element-populated\">\n\t\t\t\t\t\t<div class=\"elementor-element elementor-element-c536531 elementor-widget elementor-widget-spacer\" data-id=\"c536531\" data-element_type=\"widget\" data-widget_type=\"spacer.default\">\n\t\t\t\t<div class=\"elementor-widget-container\">\n\t\t\t\t\t<div class=\"elementor-spacer\">\n\t\t\t<div class=\"elementor-spacer-inner\"><\/div>\n\t\t<\/div>\n\t\t\t\t<\/div>\n\t\t\t\t<\/div>\n\t\t\t\t<div class=\"elementor-element elementor-element-ff78e44 elementor-widget elementor-widget-text-editor\" data-id=\"ff78e44\" data-element_type=\"widget\" data-widget_type=\"text-editor.default\">\n\t\t\t\t<div class=\"elementor-widget-container\">\n\t\t\t\t\t\t\t<p>Informaci\u00f3n seg\u00fan el art\u00edculo 5 de la TMG (ley alemana)<\/p><p class=\"translation-block\">Amin Turk &amp; Amir Turk<br>11 Leyland Road<br>Rakodzi Park<br>Marondera<br>Zimbabwe<\/p><p>Representado por:<br \/>Amin Turk &amp; Amir Turk<\/p><p>Contacto<br \/>M\u00f3vil. +263 772 268 883<br \/>Correo electr\u00f3nico: amin(at)sidebyside-safaris.com<\/p><p>Responsable del contenido seg\u00fan \u00a7 55 Abs. 2 RStV (ley alemana)<br \/>Amin Turk<br \/>11 Leyland Road<br \/>Rakodzi Park<br \/>Marondera<br \/>Zimbabwe<\/p><p>Dise\u00f1o web:<br \/>Niklas Scharffetter<br \/>https:\/\/www.hydropotes.com<\/p><p>Aviso legal:<\/p><p>Sitio web alojado en Alemania a trav\u00e9s de 1&amp;1 IONOS SE. Elgendorfer Str. 57 | 56410 Montabaur<\/p><p>Responsabilidad de los contenidos<\/p><p>Los contenidos de nuestras p\u00e1ginas han sido creados con el m\u00e1ximo cuidado. Sin embargo, no podemos garantizar la exactitud, integridad y actualidad de los contenidos. Como proveedor de servicios, somos responsables de nuestros propios contenidos en estas p\u00e1ginas de acuerdo con las leyes generales seg\u00fan el \u00a7 7 P\u00e1rrafo 1 de la TMG. Sin embargo, seg\u00fan los \u00a7\u00a7 8 a 10 de la TMG (Ley alemana), no estamos obligados como proveedores de servicios a controlar la informaci\u00f3n de terceros transmitida o almacenada ni a investigar las circunstancias que indiquen una actividad ilegal. Las obligaciones de eliminar o bloquear el uso de informaci\u00f3n seg\u00fan las leyes generales no se ven afectadas. Sin embargo, la responsabilidad en este sentido s\u00f3lo es posible a partir del momento en que se conoce una infracci\u00f3n concreta de la ley. Si tenemos conocimiento de tales infracciones, eliminaremos inmediatamente los contenidos correspondientes.<\/p><p>Responsabilidad por los enlaces<\/p><p>Nuestra oferta contiene enlaces a p\u00e1ginas web externas de terceros, sobre cuyos contenidos no tenemos ninguna influencia. Por lo tanto, no podemos asumir ninguna responsabilidad por estos contenidos externos. El respectivo proveedor u operador de las p\u00e1ginas es siempre responsable del contenido de las p\u00e1ginas enlazadas. Las p\u00e1ginas enlazadas fueron revisadas en el momento de su vinculaci\u00f3n para detectar posibles infracciones legales. Los contenidos ilegales no fueron reconocidos en el momento de la vinculaci\u00f3n. Sin embargo, un control permanente de los contenidos de las p\u00e1ginas enlazadas no es razonable sin pruebas concretas de una violaci\u00f3n de la ley. Si tenemos conocimiento de alguna infracci\u00f3n, eliminaremos dichos enlaces inmediatamente.<\/p><p>Derechos de autor<\/p><p>Los contenidos y obras creados por los operadores del sitio en estas p\u00e1ginas est\u00e1n sujetos a la legislaci\u00f3n alemana sobre derechos de autor. La duplicaci\u00f3n, el procesamiento, la distribuci\u00f3n o cualquier forma de comercializaci\u00f3n de dicho material m\u00e1s all\u00e1 del alcance de la ley de derechos de autor requerir\u00e1 el consentimiento previo por escrito de su respectivo autor o creador. Las descargas y copias de este sitio s\u00f3lo est\u00e1n permitidas para uso privado y no comercial. En la medida en que el contenido de este sitio no haya sido creado por el operador, se respetan los derechos de autor de terceros. En particular, los contenidos de terceros est\u00e1n identificados como tales. No obstante, si tiene conocimiento de una infracci\u00f3n de los derechos de autor, le rogamos que nos lo comunique. Si tuvi\u00e9ramos conocimiento de alguna infracci\u00f3n, eliminar\u00edamos dicho contenido inmediatamente.<\/p><p>Protecci\u00f3n de datos<\/p><p>El uso de nuestro sitio web es posible, por lo general, sin necesidad de proporcionar datos personales. En la medida en que en nuestros lados se recogen datos personales (como el nombre, la direcci\u00f3n o las direcciones de correo electr\u00f3nico), esto es en la medida de lo posible sobre una base voluntaria. Estos datos no se transmitir\u00e1n a terceros sin su consentimiento expreso.<br \/>Se\u00f1alamos que la transmisi\u00f3n de datos a trav\u00e9s de Internet (por ejemplo, la comunicaci\u00f3n por correo electr\u00f3nico) presenta lagunas de seguridad. La protecci\u00f3n completa de los datos contra el acceso de terceros no es posible.<br \/>Se proh\u00edbe expresamente el uso de los datos de contacto publicados en el marco de la obligaci\u00f3n del pie de imprenta por parte de terceros con el fin de enviar publicidad y material informativo no solicitado. Los operadores de las p\u00e1ginas se reservan expresamente el derecho a emprender acciones legales en caso de env\u00edo no solicitado de informaci\u00f3n publicitaria, como por ejemplo correos spam.<\/p><p>Google Analytics<\/p><p>Esta p\u00e1gina web utiliza Google Analytics, un servicio de an\u00e1lisis web proporcionado por Google, Inc. (\"Google\"). Google Analytics utiliza \"cookies\", que son archivos de texto ubicados en su ordenador, para ayudar al sitio web a analizar el uso que hacen los usuarios del mismo. La informaci\u00f3n generada por la cookie sobre su uso del sitio web (incluida su direcci\u00f3n IP) ser\u00e1 transmitida y almacenada por Google en servidores de Estados Unidos. Google utilizar\u00e1 esta informaci\u00f3n con el fin de evaluar su uso del sitio web, recopilando informes sobre la actividad del sitio web para los operadores del mismo y prestando otros servicios relacionados con la actividad del sitio web y el uso de Internet. Google podr\u00e1 transmitir dicha informaci\u00f3n a terceros cuando as\u00ed lo requiera la legislaci\u00f3n, o cuando dichos terceros procesen la informaci\u00f3n por cuenta de Google. Google no asociar\u00e1 su direcci\u00f3n IP con ning\u00fan otro dato del que disponga Google. Puede rechazar el uso de cookies seleccionando la configuraci\u00f3n adecuada en su navegador, pero tenga en cuenta que si lo hace es posible que no pueda utilizar todas las funciones de este sitio web. Al utilizar este sitio web, usted consiente el tratamiento de sus datos por parte de Google en la forma y para los fines arriba indicados.<\/p><p>Sitio web creado por impressum-generator.de del bufete de abogados Hasselbach<\/p>\t\t\t\t\t\t<\/div>\n\t\t\t\t<\/div>\n\t\t\t\t\t<\/div>\n\t\t<\/div>\n\t\t\t\t\t<\/div>\n\t\t<\/section>\n\t\t\t\t<\/div>","protected":false},"excerpt":{"rendered":"<p>Imprint Information according to \u00a7 5 TMG (German Law) Amin Turk &amp; Amir Turk 11 Leyland Road Rakodzi Park Marondera Zimbabwe Represented by: Amin Turk &amp; Amir Turk Contact: Cell. +263 772 268 883 E-Mail: amin(at)sidebyside-safaris.com Responsible for the content according to \u00a7 55 Abs. 2 RStV (German Law) Amin Turk 11 Leyland Road Rakodzi &hellip;<\/p>\n<p class=\"read-more\"> <a class=\"\" href=\"http:\/\/sidebyside-safaris.com\/es\/imprint\/\"> <span class=\"screen-reader-text\">Pie de imprenta<\/span> Leer m\u00e1s &raquo;<\/a><\/p>","protected":false},"author":1,"featured_media":0,"parent":0,"menu_order":0,"comment_status":"closed","ping_status":"closed","template":"","meta":{"site-sidebar-layout":"no-sidebar","site-content-layout":"page-builder","ast-global-header-display":"","ast-banner-title-visibility":"","ast-main-header-display":"","ast-hfb-above-header-display":"","ast-hfb-below-header-display":"","ast-hfb-mobile-header-display":"","site-post-title":"disabled","ast-breadcrumbs-content":"","ast-featured-img":"disabled","footer-sml-layout":"","theme-transparent-header-meta":"enabled","adv-header-id-meta":"","stick-header-meta":"","header-above-stick-meta":"","header-main-stick-meta":"","header-below-stick-meta":""},"yoast_head":"<!-- This site is optimized with the Yoast SEO plugin v21.8.1 - https:\/\/yoast.com\/wordpress\/plugins\/seo\/ -->\n<title>Imprint - Side by Side Pro Hunting Safaris<\/title>\n<meta name=\"description\" content=\"If you have any questions regarding our data policy or imprint, please feel free to contact us anytime. Thank you!\" \/>\n<meta name=\"robots\" content=\"index, follow, max-snippet:-1, max-image-preview:large, max-video-preview:-1\" \/>\n<link rel=\"canonical\" href=\"https:\/\/sidebyside-safaris.com\/es\/imprint\/\" \/>\n<meta property=\"og:locale\" content=\"es_ES\" \/>\n<meta property=\"og:type\" content=\"article\" \/>\n<meta property=\"og:title\" content=\"Imprint - Side by Side Pro Hunting Safaris\" \/>\n<meta property=\"og:description\" content=\"If you have any questions regarding our data policy or imprint, please feel free to contact us anytime. Thank you!\" \/>\n<meta property=\"og:url\" content=\"https:\/\/sidebyside-safaris.com\/es\/imprint\/\" \/>\n<meta property=\"og:site_name\" content=\"Side by Side Pro Hunting Safaris\" \/>\n<meta property=\"article:modified_time\" content=\"2021-02-08T17:12:12+00:00\" \/>\n<meta name=\"twitter:card\" content=\"summary_large_image\" \/>\n<meta name=\"twitter:label1\" content=\"Tiempo de lectura\" \/>\n\t<meta name=\"twitter:data1\" content=\"4 minutos\" \/>\n<script type=\"application\/ld+json\" class=\"yoast-schema-graph\">{\"@context\":\"https:\/\/schema.org\",\"@graph\":[{\"@type\":\"WebPage\",\"@id\":\"https:\/\/sidebyside-safaris.com\/imprint\/\",\"url\":\"https:\/\/sidebyside-safaris.com\/imprint\/\",\"name\":\"Imprint - Side by Side Pro Hunting Safaris\",\"isPartOf\":{\"@id\":\"http:\/\/sidebyside-safaris.com\/de\/#website\"},\"datePublished\":\"2021-01-13T19:26:14+00:00\",\"dateModified\":\"2021-02-08T17:12:12+00:00\",\"description\":\"If you have any questions regarding our data policy or imprint, please feel free to contact us anytime. Thank you!\",\"breadcrumb\":{\"@id\":\"https:\/\/sidebyside-safaris.com\/imprint\/#breadcrumb\"},\"inLanguage\":\"es\",\"potentialAction\":[{\"@type\":\"ReadAction\",\"target\":[\"https:\/\/sidebyside-safaris.com\/imprint\/\"]}]},{\"@type\":\"BreadcrumbList\",\"@id\":\"https:\/\/sidebyside-safaris.com\/imprint\/#breadcrumb\",\"itemListElement\":[{\"@type\":\"ListItem\",\"position\":1,\"name\":\"Startseite\",\"item\":\"https:\/\/sidebyside-safaris.com\/\"},{\"@type\":\"ListItem\",\"position\":2,\"name\":\"Imprint\"}]},{\"@type\":\"WebSite\",\"@id\":\"http:\/\/sidebyside-safaris.com\/de\/#website\",\"url\":\"http:\/\/sidebyside-safaris.com\/de\/\",\"name\":\"Side by Side Pro Hunting Safaris\",\"description\":\"bespoke hunting adventures in Zimbabwe\",\"publisher\":{\"@id\":\"http:\/\/sidebyside-safaris.com\/de\/#organization\"},\"potentialAction\":[{\"@type\":\"SearchAction\",\"target\":{\"@type\":\"EntryPoint\",\"urlTemplate\":\"http:\/\/sidebyside-safaris.com\/de\/?s={search_term_string}\"},\"query-input\":\"required name=search_term_string\"}],\"inLanguage\":\"es\"},{\"@type\":\"Organization\",\"@id\":\"http:\/\/sidebyside-safaris.com\/de\/#organization\",\"name\":\"Side by Side Safaris Zimbabwe\",\"url\":\"http:\/\/sidebyside-safaris.com\/de\/\",\"logo\":{\"@type\":\"ImageObject\",\"inLanguage\":\"es\",\"@id\":\"http:\/\/sidebyside-safaris.com\/de\/#\/schema\/logo\/image\/\",\"url\":\"https:\/\/sidebyside-safaris.com\/wp-content\/uploads\/2021\/01\/Side-by-Side-Safaris-logo-.png\",\"contentUrl\":\"https:\/\/sidebyside-safaris.com\/wp-content\/uploads\/2021\/01\/Side-by-Side-Safaris-logo-.png\",\"width\":1190,\"height\":1011,\"caption\":\"Side by Side Safaris Zimbabwe\"},\"image\":{\"@id\":\"http:\/\/sidebyside-safaris.com\/de\/#\/schema\/logo\/image\/\"}}]}<\/script>\n<!-- \/ Yoast SEO plugin. -->","yoast_head_json":{"title":"Imprint - Side by Side Pro Hunting Safaris","description":"If you have any questions regarding our data policy or imprint, please feel free to contact us anytime. Thank you!","robots":{"index":"index","follow":"follow","max-snippet":"max-snippet:-1","max-image-preview":"max-image-preview:large","max-video-preview":"max-video-preview:-1"},"canonical":"https:\/\/sidebyside-safaris.com\/es\/imprint\/","og_locale":"es_ES","og_type":"article","og_title":"Imprint - Side by Side Pro Hunting Safaris","og_description":"If you have any questions regarding our data policy or imprint, please feel free to contact us anytime. Thank you!","og_url":"https:\/\/sidebyside-safaris.com\/es\/imprint\/","og_site_name":"Side by Side Pro Hunting Safaris","article_modified_time":"2021-02-08T17:12:12+00:00","twitter_card":"summary_large_image","twitter_misc":{"Tiempo de lectura":"4 minutos"},"schema":{"@context":"https:\/\/schema.org","@graph":[{"@type":"WebPage","@id":"https:\/\/sidebyside-safaris.com\/imprint\/","url":"https:\/\/sidebyside-safaris.com\/imprint\/","name":"Imprint - Side by Side Pro Hunting Safaris","isPartOf":{"@id":"http:\/\/sidebyside-safaris.com\/de\/#website"},"datePublished":"2021-01-13T19:26:14+00:00","dateModified":"2021-02-08T17:12:12+00:00","description":"If you have any questions regarding our data policy or imprint, please feel free to contact us anytime. Thank you!","breadcrumb":{"@id":"https:\/\/sidebyside-safaris.com\/imprint\/#breadcrumb"},"inLanguage":"es","potentialAction":[{"@type":"ReadAction","target":["https:\/\/sidebyside-safaris.com\/imprint\/"]}]},{"@type":"BreadcrumbList","@id":"https:\/\/sidebyside-safaris.com\/imprint\/#breadcrumb","itemListElement":[{"@type":"ListItem","position":1,"name":"Startseite","item":"https:\/\/sidebyside-safaris.com\/"},{"@type":"ListItem","position":2,"name":"Imprint"}]},{"@type":"WebSite","@id":"http:\/\/sidebyside-safaris.com\/de\/#website","url":"http:\/\/sidebyside-safaris.com\/de\/","name":"Side by Side Pro Hunting Safaris","description":"bespoke hunting adventures in Zimbabwe","publisher":{"@id":"http:\/\/sidebyside-safaris.com\/de\/#organization"},"potentialAction":[{"@type":"SearchAction","target":{"@type":"EntryPoint","urlTemplate":"http:\/\/sidebyside-safaris.com\/de\/?s={search_term_string}"},"query-input":"required name=search_term_string"}],"inLanguage":"es"},{"@type":"Organization","@id":"http:\/\/sidebyside-safaris.com\/de\/#organization","name":"Side by Side Safaris Zimbabwe","url":"http:\/\/sidebyside-safaris.com\/de\/","logo":{"@type":"ImageObject","inLanguage":"es","@id":"http:\/\/sidebyside-safaris.com\/de\/#\/schema\/logo\/image\/","url":"https:\/\/sidebyside-safaris.com\/wp-content\/uploads\/2021\/01\/Side-by-Side-Safaris-logo-.png","contentUrl":"https:\/\/sidebyside-safaris.com\/wp-content\/uploads\/2021\/01\/Side-by-Side-Safaris-logo-.png","width":1190,"height":1011,"caption":"Side by Side Safaris Zimbabwe"},"image":{"@id":"http:\/\/sidebyside-safaris.com\/de\/#\/schema\/logo\/image\/"}}]}},"_links":{"self":[{"href":"http:\/\/sidebyside-safaris.com\/es\/wp-json\/wp\/v2\/pages\/517"}],"collection":[{"href":"http:\/\/sidebyside-safaris.com\/es\/wp-json\/wp\/v2\/pages"}],"about":[{"href":"http:\/\/sidebyside-safaris.com\/es\/wp-json\/wp\/v2\/types\/page"}],"author":[{"embeddable":true,"href":"http:\/\/sidebyside-safaris.com\/es\/wp-json\/wp\/v2\/users\/1"}],"replies":[{"embeddable":true,"href":"http:\/\/sidebyside-safaris.com\/es\/wp-json\/wp\/v2\/comments?post=517"}],"version-history":[{"count":20,"href":"http:\/\/sidebyside-safaris.com\/es\/wp-json\/wp\/v2\/pages\/517\/revisions"}],"predecessor-version":[{"id":1809,"href":"http:\/\/sidebyside-safaris.com\/es\/wp-json\/wp\/v2\/pages\/517\/revisions\/1809"}],"wp:attachment":[{"href":"http:\/\/sidebyside-safaris.com\/es\/wp-json\/wp\/v2\/media?parent=517"}],"curies":[{"name":"wp","href":"https:\/\/api.w.org\/{rel}","templated":true}]}}